{"id":14772,"date":"2025-10-03T02:04:34","date_gmt":"2025-10-03T00:04:34","guid":{"rendered":"https:\/\/carigest.ch\/rapport-de-suivi\/"},"modified":"2025-10-03T12:57:29","modified_gmt":"2025-10-03T10:57:29","slug":"formular-fuer-fortschrittsbericht","status":"publish","type":"page","link":"https:\/\/carigest.ch\/de\/formular-fuer-fortschrittsbericht\/","title":{"rendered":"FORMULAR F\u00dcR FORTSCHRITTSBERICHT"},"content":{"rendered":"        <div class=\"rapport-suivi-form\" id=\"rapport-suivi-form\" data-lang=\"de\">\n            <!-- Titre du formulaire -->\n            <div class=\"form-title\">\n                FORTSCHRITTSBERICHT            <\/div>\n            \n            <form id=\"rapport-form\" method=\"post\" enctype=\"multipart\/form-data\" novalidate>\n                <input type=\"hidden\" id=\"rapport_nonce\" name=\"rapport_nonce\" value=\"a8cd60a331\" \/><input type=\"hidden\" name=\"_wp_http_referer\" value=\"\/de\/wp-json\/wp\/v2\/pages\/14772\" \/>                <input type=\"hidden\" name=\"langue\" id=\"langue\" value=\"de\">\n\n                <!-- Type de rapport -->\n                <div class=\"section-header\" data-section=\"type\">\n                    Berichtsart                <\/div>\n                <div class=\"section-content\" id=\"section-type\">\n                    <div class=\"form-group\">\n                        <label for=\"type_rapport\" required>Berichtsart<span style=\"color:red\"> *<\/span><\/label>\n                        <select name=\"type_rapport\" id=\"type_rapport\" required>\n                            <option value=\"\">Ausw\u00e4hlen...<\/option>\n                            <option value=\"type_rapport_suivi\">Fortschrittsbericht<\/option>\n                            <option value=\"type_rapport_final\">Schlussbericht<\/option>\n                        <\/select>\n                    <\/div>\n                <\/div>\n                \n                <!-- Section Institution -->\n                <div class=\"section-header\" data-section=\"institution\">\n                    EINRICHTUNG                <\/div>\n                <div class=\"section-content\" id=\"section-institution\">\n                    \n                    <div class=\"form-group\">\n                        <label for=\"nom_institution\" required>Firmenname<span style=\"color:red\"> *<\/span><\/label>\n                        <input type=\"text\" name=\"nom_institution\" id=\"nom_institution\" maxlength=\"255\" required>\n                        <div class=\"char-counter\">0\/255<\/div>\n                    <\/div>\n                    \n                    <div class=\"form-group\">\n                        <label for=\"nom_departement\">Abteilung <span class=\"required\">*<\/span><\/label>\n                        <input type=\"text\" name=\"nom_departement\" id=\"nom_departement\" maxlength=\"255\" required>\n                        <div class=\"char-counter\">0\/255<\/div>\n                    <\/div>\n                    \n                    <div class=\"form-group\">\n                        <label for=\"adresse\">Adresse <span class=\"required\">*<\/span><\/label>\n                        <input type=\"text\" name=\"adresse\" id=\"adresse\" maxlength=\"255\" required>\n                        <div class=\"char-counter\">0\/255<\/div>\n                    <\/div>\n                    \n                    <div class=\"address-row\">\n                        <div class=\"form-group\">\n                            <label for=\"adresse1\">Adresse 1<\/label>\n                            <input type=\"text\" name=\"adresse1\" id=\"adresse1\" maxlength=\"255\">\n                            <div class=\"char-counter\">0\/255<\/div>\n                        <\/div>\n                        <div class=\"form-group\">\n                            <label for=\"adresse2\">Adresse 2<\/label>\n                            <input type=\"text\" name=\"adresse2\" id=\"adresse2\" maxlength=\"255\">\n                            <div class=\"char-counter\">0\/255<\/div>\n                        <\/div>\n                    <\/div>\n                    \n                    <div class=\"form-row\">\n                        <div class=\"form-group\">\n                            <label for=\"code_postal\">PLZ <span class=\"required\">*<\/span><\/label>\n                            <input type=\"text\" name=\"code_postal\" id=\"code_postal\" maxlength=\"10\" required>\n                        <\/div>\n                        <div class=\"form-group\">\n                            <label for=\"localite\">Ort <span class=\"required\">*<\/span><\/label>\n                            <input type=\"text\" name=\"localite\" id=\"localite\" maxlength=\"255\" required>\n                        <\/div>\n                    <\/div>\n                    \n                    <div class=\"form-row\">\n                        <div class=\"form-group\">\n                            <label for=\"canton_province\">Kanton\/Provinz <span class=\"required\">*<\/span><\/label>\n                            <input type=\"text\" name=\"canton_province\" id=\"canton_province\" maxlength=\"255\" required>\n                        <\/div>\n                        <div class=\"form-group\">\n                            <label for=\"pays\">Land <span class=\"required\">*<\/span><\/label>\n                            <input type=\"text\" name=\"pays\" id=\"pays\" maxlength=\"255\" required>\n                        <\/div>\n                    <\/div>\n                    \n                    <div class=\"section-subtitle\">Kontaktperson<\/div>\n                    <div class=\"form-group\">\n                        <label for=\"contact_nom_prenom\">Vorname, Name <span class=\"required\">*<\/span><\/label>\n                        <input type=\"text\" name=\"contact_nom_prenom\" id=\"contact_nom_prenom\" maxlength=\"255\" required>\n                        <div class=\"char-counter\">0\/255<\/div>\n                    <\/div>\n                    \n                    <div class=\"form-group\">\n                        <label for=\"contact_titre\">Anrede <span class=\"required\">*<\/span><\/label>\n                        <input type=\"text\" name=\"contact_titre\" id=\"contact_titre\" maxlength=\"255\" required>\n                        <div class=\"char-counter\">0\/255<\/div>\n                    <\/div>\n                    \n                    <div class=\"form-row\">\n                        <div class=\"form-group\">\n                            <label for=\"contact_telephone\">Telefonnummer <span class=\"required\">*<\/span><\/label>\n                            <input type=\"tel\" name=\"contact_telephone\" id=\"contact_telephone\" maxlength=\"50\" required>\n                        <\/div>\n                        <div class=\"form-group\">\n                            <label for=\"contact_email\">E-Mail <span class=\"required\">*<\/span><\/label>\n                            <input type=\"email\" name=\"contact_email\" id=\"contact_email\" maxlength=\"255\" required>\n                        <\/div>\n                    <\/div>\n                <\/div>\n                \n                <!-- Section Projet -->\n                <div class=\"section-header\" data-section=\"projet\">\n                    PROJEKT                <\/div>\n                <div class=\"section-content\" id=\"section-projet\">\n                    \n                    <div class=\"form-group\">\n                        <label for=\"intitule_projet\">Projektbezeichnung <span class=\"required\">*<\/span><\/label>\n                        <input type=\"text\" name=\"intitule_projet\" id=\"intitule_projet\" required>\n                    <\/div>\n                    \n                    <div class=\"form-group\">\n                        <label for=\"resume_progres\">KURZE ZUSAMMENFASSUNG DER FORTSCHRITTE IN BEZUG AUF DIE VON IHNEN ANGEGEBENEN ZIELE. <span class=\"required\">*<\/span><\/label>\n                        <textarea name=\"resume_progres\" id=\"resume_progres\" maxlength=\"750\" rows=\"6\" required><\/textarea>\n                        <small>Max. 750 Zeichen<\/small>\n                        <div class=\"char-counter\">0\/750<\/div>\n                    <\/div>\n                    \n                    <div class=\"form-group\">\n                        <label for=\"resultats_concrets\">KURZE ZUSAMMENFASSUNG DER KONKRETEN ERGEBNISSE, DIE IN DIESEM ZEITRAUM ERZIELT WURDEN, UND MESSANGABEN <span class=\"required\">*<\/span><\/label>\n                        <textarea name=\"resultats_concrets\" id=\"resultats_concrets\" maxlength=\"750\" rows=\"6\" required><\/textarea>\n                        <small>Max. 750 Zeichen<\/small>\n                        <div class=\"char-counter\">0\/750<\/div>\n                    <\/div>\n                <\/div>\n                \n                <!-- Section Financement -->\n                <div class=\"section-header\" data-section=\"financement\">\n                    AUSGABENSTATUS DES PROJEKTS IN BEZUG AUF DIE ERHALTENE SPENDE                <\/div>\n                <div class=\"section-content\" id=\"section-financement\">\n                    \n                    <div class=\"section-subtitle\">ERHALTENE SPENDE<\/div>\n                    <div class=\"form-row\">\n                        <div class=\"form-group\">\n                            <label for=\"don_recu\">GESAMTBETRAG <span class=\"required\">*<\/span><\/label>\n                            <input type=\"number\" name=\"don_recu\" id=\"don_recu\" step=\"0.01\" required>\n                        <\/div>\n                        <div class=\"form-group\">\n                            <label for=\"devise_don\">Ausw\u00e4hlen <span class=\"required\">*<\/span><\/label>\n                            <select name=\"devise_don\" id=\"devise_don\" required>\n                                <option value=\"\">Ausw\u00e4hlen...<\/option>\n                                <option value=\"CHF\">CHF<\/option>\n                                <option value=\"EUR\">EUR<\/option>\n                                <option value=\"USD\">USD<\/option>\n                                <option value=\"GBP\">GBP<\/option>\n                            <\/select>\n                        <\/div>\n                    <\/div>\n                    \n                    <div class=\"form-group\">\n                        <label for=\"postes_depenses\">AUSGABENPOSTEN (Z.B. GAGEN, VERBRAUCHSMATERIALIEN) <span class=\"required\">*<\/span><\/label>\n                        <textarea name=\"postes_depenses\" id=\"postes_depenses\" maxlength=\"400\" rows=\"4\" required><\/textarea>\n                        <small>Max. 400 Zeichen<\/small>\n                        <div class=\"char-counter\">0\/400<\/div>\n                    <\/div>\n                    \n                    <div class=\"form-row\">\n                        <div class=\"form-group\">\n                            <label for=\"debut_projet\">START DES PROJEKTS <span class=\"required\">*<\/span><\/label>\n                            <input type=\"date\" name=\"debut_projet\" id=\"debut_projet\" required>\n                        <\/div>\n                        <div class=\"form-group\">\n                            <label for=\"fin_projet\">ENDE DES PROJEKTS <span class=\"required\">*<\/span><\/label>\n                            <input type=\"date\" name=\"fin_projet\" id=\"fin_projet\" required>\n                        <\/div>\n                    <\/div>\n                    \n                    <div class=\"form-group\">\n                        <label for=\"source_don\">HERKUNFT DER SPENDE <span class=\"required\">*<\/span><\/label>\n                        <select name=\"source_don\" id=\"source_don\" onchange=\"toggleMeceneField()\" required>\n                            <option value=\"\">Ausw\u00e4hlen...<\/option>\n                            <option value=\"anonyme\">Anonym<\/option>\n                            <option value=\"nominatif\">Mit Namensnennung<\/option>\n                        <\/select>\n                    <\/div>\n                    \n                    <div class=\"form-group\" id=\"nom_mecene_group\" style=\"display:none;\">\n                        <label for=\"nom_mecene\">Name des Spenders<\/label>\n                        <input type=\"text\" name=\"nom_mecene\" id=\"nom_mecene\" maxlength=\"255\">\n                        <div class=\"char-counter\">0\/255<\/div>\n                    <\/div>\n                <\/div>\n                \n                <!-- Section \u00c9cueils -->\n                <div class=\"section-header\" data-section=\"ecueils\">\n                    Allf\u00e4llige Hindernisse                <\/div>\n                <div class=\"section-content\" id=\"section-ecueils\">\n                    \n                    <div class=\"form-group\">\n                        <label for=\"defis_problemes\">BESCHREIBUNG DER HERAUSFORDERUNGEN, VERZ\u00d6GERUNGEN UND PROBLEME, DIE BEI DER UMSETZUNG DES PROJEKTS IM VERGLEICH ZUM URSPR\u00dcNGLICHEN PLAN AUFGETRETEN SIND <span class=\"required\">*<\/span><\/label>\n                        <textarea name=\"defis_problemes\" id=\"defis_problemes\" maxlength=\"450\" rows=\"5\" required><\/textarea>\n                        <small>Max. 450 Zeichen<\/small>\n                        <div class=\"char-counter\">0\/450<\/div>\n                    <\/div>\n                <\/div>\n                \n                <!-- Section Annexes -->\n                <div class=\"section-header\" data-section=\"annexes\">\n                    ANH\u00c4NGE                <\/div>\n                <div class=\"section-content\" id=\"section-annexes\">\n                    \n                    <p class=\"annexes-intro\">Angaben zur antragstellenden Einrichtung \u2013 Bitte die Anlagen ankreuzen und herunterladen.<\/p>\n                    \n                    <!-- Rapport d'activit\u00e9 -->\n                    <div class=\"form-group\">\n                        <label for=\"annexe_rapport_activite\">T\u00e4tigkeitsbericht in Verbindung mit dem Projekt (mit Beschreibung, Ergebnissen, Publikationen und\/oder Beitr\u00e4gen in den Medien).<\/label>\n                        <div class=\"file-upload\">\n                            <input type=\"file\" id=\"annexe_rapport_activite\" name=\"annexe_rapport_activite\" accept=\".pdf,.doc,.docx\">\n                            <button type=\"button\" class=\"file-upload-button\" onclick=\"document.getElementById('annexe_rapport_activite').click();\">\n                                Ausw\u00e4hlen :                            <\/button>\n                            <span class=\"file-info\">Akzeptierte Formate: PDF, DOC, DOCX<\/span>\n                        <\/div>\n                    <\/div>\n                    \n                    <!-- Rapport financier -->\n                    <div class=\"form-group\">\n                        <label for=\"annexe_rapport_financier\">Spezifischer Finanzbericht, der es erm\u00f6glicht, die Spende und die Ausgaben zu identifizieren.<\/label>\n                        <div class=\"file-upload\">\n                            <input type=\"file\" id=\"annexe_rapport_financier\" name=\"annexe_rapport_financier\" accept=\".pdf,.doc,.docx\">\n                            <button type=\"button\" class=\"file-upload-button\" onclick=\"document.getElementById('annexe_rapport_financier').click();\">\n                                Ausw\u00e4hlen :                            <\/button>\n                            <span class=\"file-info\">Akzeptierte Formate: PDF, DOC, DOCX<\/span>\n                        <\/div>\n                    <\/div>\n                    \n                    <!-- Rapport scientifique (conditionnel) -->\n                    <div class=\"form-group\">\n                        <label for=\"annexe_rapport_scientifique\">NUR F\u00dcR MEDIZINISCHE FORSCHUNGSPROJEKTE: Wissenschaftlicher Bericht auf Franz\u00f6sisch oder Englisch mit einer maximalen L\u00e4nge von 3 Seiten. Der Bericht sollte eine kurze Zusammenfassung des Projekts, sowie die bei der Ersteinreichung definierten Ziele und den Zeitplan bzw. die im Rahmen des Projekts erzielten Fortschritte und die dazugeh\u00f6rigen Ver\u00f6ffentlichungen und Mitteilungen enthalten. <\/label>\n                        <div class=\"file-upload\">\n                            <input type=\"file\" id=\"annexe_rapport_scientifique\" name=\"annexe_rapport_scientifique\" accept=\".pdf,.doc,.docx\">\n                            <button type=\"button\" class=\"file-upload-button\" onclick=\"document.getElementById('annexe_rapport_scientifique').click();\">\n                                Ausw\u00e4hlen :                            <\/button>\n                            <span class=\"file-info\">Akzeptierte Formate: PDF, DOC, DOCX<\/span>\n                        <\/div>\n                    <\/div>\n                <\/div>\n                \n                <!-- Section Confirmation -->\n                <div class=\"section-header\" data-section=\"confirmation\">\n                    BEST\u00c4TIGUNG DER EINREICHUNG DES BERICHTS                <\/div>\n                <div class=\"section-content\" id=\"section-confirmation\">\n                    \n                    <div class=\"form-group\">\n                        <label class=\"checkbox-container\">\n                            <input type=\"checkbox\" name=\"confidentialite_acceptee\" id=\"confidentialite_acceptee\" required>\n                            <span class=\"checkmark\"><\/span>\n                            <a href='https:\/\/carigest.ch\/declaration-confidentialite\/' target='_blank' style=\"color=red\">\n                                Datenschutzrichtlinie akzeptiert                            <\/a>\n                            <span class=\"required\">*<\/span>\n                        <\/label>\n                    <\/div>\n                    \n                    <div class=\"form-row\">\n                        <div class=\"form-group\">\n                            <label for=\"lieu_signature\">Ort <span class=\"required\">*<\/span><\/label>\n                            <input type=\"text\" name=\"lieu_signature\" id=\"lieu_signature\" maxlength=\"255\" required>\n                            <div class=\"char-counter\">0\/255<\/div>\n                        <\/div>\n                        <div class=\"form-group\">\n                            <label for=\"date_signature\">Datum <span class=\"required\">*<\/span><\/label>\n                            <input type=\"date\" name=\"date_signature\" id=\"date_signature\" required>\n                        <\/div>\n                    <\/div>\n                    \n                    <p style=\"font-size:11px !important;\"><em>Wenn Sie auf &quot;Senden&quot; klicken, senden Sie uns das ausgef\u00fcllte Formular zu und gew\u00e4hren uns Zugriff auf die Anlagen. <\/em> Sie erhalten per E-Mail eine Kopie des Formulars im PDF-Format. Sie m\u00fcssen diese ausdrucken, unterschreiben und per E-Mail an contact@carigest.ch senden.<\/br><\/p>\n                    \n                    <div class=\"form-submit\">\n                        <button type=\"submit\" id=\"submit-rapport-btn\">Senden<\/button>\n                    <\/div>\n\n                    <p style=\"font-size:11px !important;\"><span style=\"color:red;\">*<\/span>Alle Felder m\u00fcssen ausgef\u00fcllt werden<\/br><\/p>\n\n                <\/div>\n            <\/form>\n        <\/div>\n        \n        <script>\n        function toggleMeceneField() {\n            const sourceDon = document.getElementById('source_don').value;\n            const meceneGroup = document.getElementById('nom_mecene_group');\n            if (sourceDon === 'nominatif') {\n                meceneGroup.style.display = 'block';\n            } else {\n                meceneGroup.style.display = 'none';\n            }\n        }\n        \n        function toggleFileUpload(fieldName) {\n            const checkbox = document.getElementById(fieldName + '_check');\n            const fileInput = document.getElementById(fieldName);\n            if (checkbox.checked) {\n                fileInput.style.display = 'block';\n            } else {\n                fileInput.style.display = 'none';\n            }\n        }\n        <\/script>\n        \n        \n","protected":false},"excerpt":{"rendered":"","protected":false},"author":10,"featured_media":0,"parent":0,"menu_order":0,"comment_status":"closed","ping_status":"closed","template":"","meta":{"inline_featured_image":false,"footnotes":""},"class_list":["post-14772","page","type-page","status-publish","hentry"],"yoast_head":"<!-- This site is optimized with the Yoast SEO plugin v24.6 - https:\/\/yoast.com\/wordpress\/plugins\/seo\/ -->\n<title>FORMULAR F\u00dcR FORTSCHRITTSBERICHT - Carigest SA<\/title>\n<meta name=\"robots\" content=\"index, follow, max-snippet:-1, max-image-preview:large, max-video-preview:-1\" \/>\n<link rel=\"canonical\" href=\"https:\/\/carigest.ch\/de\/formular-fuer-fortschrittsbericht\/\" \/>\n<meta property=\"og:locale\" content=\"de_DE\" \/>\n<meta property=\"og:type\" content=\"article\" \/>\n<meta property=\"og:title\" content=\"FORMULAR F\u00dcR FORTSCHRITTSBERICHT - Carigest SA\" \/>\n<meta property=\"og:url\" content=\"https:\/\/carigest.ch\/de\/formular-fuer-fortschrittsbericht\/\" \/>\n<meta property=\"og:site_name\" content=\"Carigest SA\" \/>\n<meta property=\"article:modified_time\" content=\"2025-10-03T10:57:29+00:00\" \/>\n<meta name=\"twitter:card\" content=\"summary_large_image\" \/>\n<script type=\"application\/ld+json\" class=\"yoast-schema-graph\">{\"@context\":\"https:\/\/schema.org\",\"@graph\":[{\"@type\":\"WebPage\",\"@id\":\"https:\/\/carigest.ch\/de\/formular-fuer-fortschrittsbericht\/\",\"url\":\"https:\/\/carigest.ch\/de\/formular-fuer-fortschrittsbericht\/\",\"name\":\"FORMULAR F\u00dcR FORTSCHRITTSBERICHT - Carigest SA\",\"isPartOf\":{\"@id\":\"https:\/\/carigest.ch\/de\/#website\"},\"datePublished\":\"2025-10-03T00:04:34+00:00\",\"dateModified\":\"2025-10-03T10:57:29+00:00\",\"breadcrumb\":{\"@id\":\"https:\/\/carigest.ch\/de\/formular-fuer-fortschrittsbericht\/#breadcrumb\"},\"inLanguage\":\"de\",\"potentialAction\":[{\"@type\":\"ReadAction\",\"target\":[\"https:\/\/carigest.ch\/de\/formular-fuer-fortschrittsbericht\/\"]}]},{\"@type\":\"BreadcrumbList\",\"@id\":\"https:\/\/carigest.ch\/de\/formular-fuer-fortschrittsbericht\/#breadcrumb\",\"itemListElement\":[{\"@type\":\"ListItem\",\"position\":1,\"name\":\"Home\",\"item\":\"https:\/\/carigest.ch\/de\/startseite\/\"},{\"@type\":\"ListItem\",\"position\":2,\"name\":\"FORMULAR F\u00dcR FORTSCHRITTSBERICHT\"}]},{\"@type\":\"WebSite\",\"@id\":\"https:\/\/carigest.ch\/de\/#website\",\"url\":\"https:\/\/carigest.ch\/de\/\",\"name\":\"Carigest SA\",\"description\":\"Beratung, Verwaltung, Begleitung\",\"publisher\":{\"@id\":\"https:\/\/carigest.ch\/de\/#organization\"},\"potentialAction\":[{\"@type\":\"SearchAction\",\"target\":{\"@type\":\"EntryPoint\",\"urlTemplate\":\"https:\/\/carigest.ch\/de\/?s={search_term_string}\"},\"query-input\":{\"@type\":\"PropertyValueSpecification\",\"valueRequired\":true,\"valueName\":\"search_term_string\"}}],\"inLanguage\":\"de\"},{\"@type\":\"Organization\",\"@id\":\"https:\/\/carigest.ch\/de\/#organization\",\"name\":\"Carigest SA\",\"url\":\"https:\/\/carigest.ch\/de\/\",\"logo\":{\"@type\":\"ImageObject\",\"inLanguage\":\"de\",\"@id\":\"https:\/\/carigest.ch\/de\/#\/schema\/logo\/image\/\",\"url\":\"\",\"contentUrl\":\"\",\"caption\":\"Carigest SA\"},\"image\":{\"@id\":\"https:\/\/carigest.ch\/de\/#\/schema\/logo\/image\/\"},\"sameAs\":[\"https:\/\/www.linkedin.com\/company\/carigest-sa\/\"]}]}<\/script>\n<!-- \/ Yoast SEO plugin. -->","yoast_head_json":{"title":"FORMULAR F\u00dcR FORTSCHRITTSBERICHT - Carigest SA","robots":{"index":"index","follow":"follow","max-snippet":"max-snippet:-1","max-image-preview":"max-image-preview:large","max-video-preview":"max-video-preview:-1"},"canonical":"https:\/\/carigest.ch\/de\/formular-fuer-fortschrittsbericht\/","og_locale":"de_DE","og_type":"article","og_title":"FORMULAR F\u00dcR FORTSCHRITTSBERICHT - Carigest SA","og_url":"https:\/\/carigest.ch\/de\/formular-fuer-fortschrittsbericht\/","og_site_name":"Carigest SA","article_modified_time":"2025-10-03T10:57:29+00:00","twitter_card":"summary_large_image","schema":{"@context":"https:\/\/schema.org","@graph":[{"@type":"WebPage","@id":"https:\/\/carigest.ch\/de\/formular-fuer-fortschrittsbericht\/","url":"https:\/\/carigest.ch\/de\/formular-fuer-fortschrittsbericht\/","name":"FORMULAR F\u00dcR FORTSCHRITTSBERICHT - Carigest SA","isPartOf":{"@id":"https:\/\/carigest.ch\/de\/#website"},"datePublished":"2025-10-03T00:04:34+00:00","dateModified":"2025-10-03T10:57:29+00:00","breadcrumb":{"@id":"https:\/\/carigest.ch\/de\/formular-fuer-fortschrittsbericht\/#breadcrumb"},"inLanguage":"de","potentialAction":[{"@type":"ReadAction","target":["https:\/\/carigest.ch\/de\/formular-fuer-fortschrittsbericht\/"]}]},{"@type":"BreadcrumbList","@id":"https:\/\/carigest.ch\/de\/formular-fuer-fortschrittsbericht\/#breadcrumb","itemListElement":[{"@type":"ListItem","position":1,"name":"Home","item":"https:\/\/carigest.ch\/de\/startseite\/"},{"@type":"ListItem","position":2,"name":"FORMULAR F\u00dcR FORTSCHRITTSBERICHT"}]},{"@type":"WebSite","@id":"https:\/\/carigest.ch\/de\/#website","url":"https:\/\/carigest.ch\/de\/","name":"Carigest SA","description":"Beratung, Verwaltung, Begleitung","publisher":{"@id":"https:\/\/carigest.ch\/de\/#organization"},"potentialAction":[{"@type":"SearchAction","target":{"@type":"EntryPoint","urlTemplate":"https:\/\/carigest.ch\/de\/?s={search_term_string}"},"query-input":{"@type":"PropertyValueSpecification","valueRequired":true,"valueName":"search_term_string"}}],"inLanguage":"de"},{"@type":"Organization","@id":"https:\/\/carigest.ch\/de\/#organization","name":"Carigest SA","url":"https:\/\/carigest.ch\/de\/","logo":{"@type":"ImageObject","inLanguage":"de","@id":"https:\/\/carigest.ch\/de\/#\/schema\/logo\/image\/","url":"","contentUrl":"","caption":"Carigest SA"},"image":{"@id":"https:\/\/carigest.ch\/de\/#\/schema\/logo\/image\/"},"sameAs":["https:\/\/www.linkedin.com\/company\/carigest-sa\/"]}]}},"_links":{"self":[{"href":"https:\/\/carigest.ch\/de\/wp-json\/wp\/v2\/pages\/14772","targetHints":{"allow":["GET"]}}],"collection":[{"href":"https:\/\/carigest.ch\/de\/wp-json\/wp\/v2\/pages"}],"about":[{"href":"https:\/\/carigest.ch\/de\/wp-json\/wp\/v2\/types\/page"}],"author":[{"embeddable":true,"href":"https:\/\/carigest.ch\/de\/wp-json\/wp\/v2\/users\/10"}],"replies":[{"embeddable":true,"href":"https:\/\/carigest.ch\/de\/wp-json\/wp\/v2\/comments?post=14772"}],"version-history":[{"count":2,"href":"https:\/\/carigest.ch\/de\/wp-json\/wp\/v2\/pages\/14772\/revisions"}],"predecessor-version":[{"id":14776,"href":"https:\/\/carigest.ch\/de\/wp-json\/wp\/v2\/pages\/14772\/revisions\/14776"}],"wp:attachment":[{"href":"https:\/\/carigest.ch\/de\/wp-json\/wp\/v2\/media?parent=14772"}],"curies":[{"name":"wp","href":"https:\/\/api.w.org\/{rel}","templated":true}]}}