{"id":13458,"date":"2024-08-29T15:40:08","date_gmt":"2024-08-29T13:40:08","guid":{"rendered":"https:\/\/bfqhbmyrq.preview.infomaniak.website\/taetigkeitsbericht\/"},"modified":"2024-08-29T15:55:57","modified_gmt":"2024-08-29T13:55:57","slug":"taetigkeitsbericht","status":"publish","type":"page","link":"https:\/\/carigest.ch\/de\/taetigkeitsbericht\/","title":{"rendered":"T\u00e4tigkeitsbericht"},"content":{"rendered":"\t\t<div data-elementor-type=\"wp-page\" data-elementor-id=\"13458\" class=\"elementor elementor-13458 elementor-13219\" data-elementor-post-type=\"page\">\n\t\t\t\t\t\t<section class=\"elementor-section elementor-top-section elementor-element elementor-element-cf305ba qodef-elementor-content-grid headerBanner alter elementor-section-height-min-height elementor-section-boxed elementor-section-height-default elementor-section-items-middle\" data-id=\"cf305ba\" data-element_type=\"section\" data-settings=\"{&quot;background_background&quot;:&quot;classic&quot;}\">\n\t\t\t\t\t\t\t<div class=\"elementor-background-overlay\"><\/div>\n\t\t\t\t\t\t\t<div class=\"elementor-container elementor-column-gap-default\">\n\t\t\t\t\t<div class=\"elementor-column elementor-col-100 elementor-top-column elementor-element elementor-element-3e0ac0d qodef-sticky-column--no\" data-id=\"3e0ac0d\" data-element_type=\"column\">\n\t\t\t<div class=\"elementor-widget-wrap elementor-element-populated\">\n\t\t\t\t\t\t<div class=\"elementor-element elementor-element-1be659d elementor-widget elementor-widget-heading\" data-id=\"1be659d\" data-element_type=\"widget\" data-widget_type=\"heading.default\">\n\t\t\t\t<div class=\"elementor-widget-container\">\n\t\t\t\t\t<h1 class=\"elementor-heading-title elementor-size-default\">T\u00c4TIGKEITSBERICHT<\/h1>\t\t\t\t<\/div>\n\t\t\t\t<\/div>\n\t\t\t\t<div class=\"elementor-element elementor-element-4e3eef4 elementor-widget elementor-widget-text-editor\" data-id=\"4e3eef4\" data-element_type=\"widget\" data-widget_type=\"text-editor.default\">\n\t\t\t\t<div class=\"elementor-widget-container\">\n\t\t\t\t\t\t\t\t\t<p>Dieser Bericht stellt unsere Ma\u00dfnahmen und Ergebnisse der letzten zwei Jahre vor. Er unterstreicht unser Engagement f\u00fcr eine optimale Nutzung der uns von unseren Spendern anvertrauten Mittel durch eine rigorose Verwaltung und st\u00e4ndige \u00dcberwachung unserer Initiativen. <\/p>\n\t\t\t\t\t\t\t\t<\/div>\n\t\t\t\t<\/div>\n\t\t\t\t\t<\/div>\n\t\t<\/div>\n\t\t\t\t\t<\/div>\n\t\t<\/section>\n\t\t\t\t<section class=\"elementor-section elementor-top-section elementor-element elementor-element-9d23a53 scrollToNext elementor-section-boxed elementor-section-height-default elementor-section-height-default qodef-elementor-content-no\" data-id=\"9d23a53\" data-element_type=\"section\">\n\t\t\t\t\t\t<div class=\"elementor-container elementor-column-gap-default\">\n\t\t\t\t\t<div class=\"elementor-column elementor-col-100 elementor-top-column elementor-element elementor-element-261664d qodef-sticky-column--no\" data-id=\"261664d\" data-element_type=\"column\">\n\t\t\t<div class=\"elementor-widget-wrap elementor-element-populated\">\n\t\t\t\t\t\t<div class=\"elementor-element elementor-element-951a925 elementor-view-default elementor-widget elementor-widget-icon\" data-id=\"951a925\" data-element_type=\"widget\" data-widget_type=\"icon.default\">\n\t\t\t\t<div class=\"elementor-widget-container\">\n\t\t\t\t\t\t\t<div class=\"elementor-icon-wrapper\">\n\t\t\t<div class=\"elementor-icon\">\n\t\t\t<i aria-hidden=\"true\" class=\"fas fa-chevron-down\"><\/i>\t\t\t<\/div>\n\t\t<\/div>\n\t\t\t\t\t\t<\/div>\n\t\t\t\t<\/div>\n\t\t\t\t\t<\/div>\n\t\t<\/div>\n\t\t\t\t\t<\/div>\n\t\t<\/section>\n\t\t\t\t<section class=\"elementor-section elementor-top-section elementor-element elementor-element-1a9b87f elementor-section-boxed elementor-section-height-default elementor-section-height-default qodef-elementor-content-no\" data-id=\"1a9b87f\" data-element_type=\"section\" data-settings=\"{&quot;background_background&quot;:&quot;classic&quot;}\">\n\t\t\t\t\t\t<div class=\"elementor-container elementor-column-gap-default\">\n\t\t\t\t\t<div class=\"elementor-column elementor-col-100 elementor-top-column elementor-element elementor-element-93159ad qodef-sticky-column--no\" data-id=\"93159ad\" data-element_type=\"column\">\n\t\t\t<div class=\"elementor-widget-wrap elementor-element-populated\">\n\t\t\t\t\t\t<section class=\"elementor-section elementor-inner-section elementor-element elementor-element-1f72032 elementor-section-full_width elementor-section-height-default elementor-section-height-default qodef-elementor-content-no\" data-id=\"1f72032\" data-element_type=\"section\">\n\t\t\t\t\t\t<div class=\"elementor-container elementor-column-gap-default\">\n\t\t\t\t\t<div class=\"elementor-column elementor-col-50 elementor-inner-column elementor-element elementor-element-c1968e9 qodef-sticky-column--no\" data-id=\"c1968e9\" data-element_type=\"column\">\n\t\t\t<div class=\"elementor-widget-wrap elementor-element-populated\">\n\t\t\t\t\t\t<div class=\"elementor-element elementor-element-142d459 elementor-widget elementor-widget-qi_addons_for_elementor_section_title\" data-id=\"142d459\" data-element_type=\"widget\" data-widget_type=\"qi_addons_for_elementor_section_title.default\">\n\t\t\t\t<div class=\"elementor-widget-container\">\n\t\t\t\t\t<div class=\"qodef-shortcode qodef-m qodef-qi-section-title qodef-decoration--italic qodef-link--underline-draw qodef-subtitle-icon--left\">\n\t\t\t\t\t\t<h2 class=\"qodef-m-title\">\n\t\t<span class=\"fancy-txt\"> T\u00c4TIGKEITSBERICHT<\/span>\t<\/h2>\n\t\t\t<div class=\"qodef-m-text\"><p>2021 - 2022<\/p><ul><li><p>Vorwort<\/p><\/li><li><p>Die 6 Schritte zum Management eines philanthropischen Projekts<br>Felder der Philanthropie<\/p><\/li><li><p>Geografische Gebiete  Dauer der Spenden<\/p><\/li><li><p>T\u00e4tigkeitsbericht<\/p><\/li><li><p>Bereiche der Intervention<\/p><\/li><li><p>Governance<\/p><\/li><\/ul><\/div>\n\t<\/div>\n\t\t\t\t<\/div>\n\t\t\t\t<\/div>\n\t\t\t\t\t<\/div>\n\t\t<\/div>\n\t\t\t\t<div class=\"elementor-column elementor-col-50 elementor-inner-column elementor-element elementor-element-afb3caf qodef-sticky-column--no\" data-id=\"afb3caf\" data-element_type=\"column\">\n\t\t\t<div class=\"elementor-widget-wrap elementor-element-populated\">\n\t\t\t\t\t\t<div class=\"elementor-element elementor-element-d70a46d popmake-7775\t elementor-widget elementor-widget-image\" data-id=\"d70a46d\" data-element_type=\"widget\" data-widget_type=\"image.default\">\n\t\t\t\t<div class=\"elementor-widget-container\">\n\t\t\t\t\t\t\t\t\t\t\t\t\t\t\t<img fetchpriority=\"high\" decoding=\"async\" width=\"1166\" height=\"1654\" src=\"https:\/\/carigest.ch\/wp-content\/uploads\/2023\/03\/Rapport-Activite-CARIGEST-SA-2021-2022-vDEFbis-Web-01.jpg\" class=\"attachment-full size-full wp-image-7747\" alt=\"PDF Cover\" srcset=\"https:\/\/carigest.ch\/wp-content\/uploads\/2023\/03\/Rapport-Activite-CARIGEST-SA-2021-2022-vDEFbis-Web-01.jpg 1166w, https:\/\/carigest.ch\/wp-content\/uploads\/2023\/03\/Rapport-Activite-CARIGEST-SA-2021-2022-vDEFbis-Web-01-211x300.jpg 211w, https:\/\/carigest.ch\/wp-content\/uploads\/2023\/03\/Rapport-Activite-CARIGEST-SA-2021-2022-vDEFbis-Web-01-722x1024.jpg 722w, https:\/\/carigest.ch\/wp-content\/uploads\/2023\/03\/Rapport-Activite-CARIGEST-SA-2021-2022-vDEFbis-Web-01-768x1089.jpg 768w, https:\/\/carigest.ch\/wp-content\/uploads\/2023\/03\/Rapport-Activite-CARIGEST-SA-2021-2022-vDEFbis-Web-01-1083x1536.jpg 1083w\" sizes=\"(max-width: 1166px) 100vw, 1166px\" \/>\t\t\t\t\t\t\t\t\t\t\t\t\t\t\t<\/div>\n\t\t\t\t<\/div>\n\t\t\t\t<div class=\"elementor-element elementor-element-0c19d6e elementor-align-center elementor-widget elementor-widget-button\" data-id=\"0c19d6e\" data-element_type=\"widget\" data-widget_type=\"button.default\">\n\t\t\t\t<div class=\"elementor-widget-container\">\n\t\t\t\t\t\t\t\t\t<div class=\"elementor-button-wrapper\">\n\t\t\t\t\t<a class=\"elementor-button elementor-button-link elementor-size-md elementor-animation-grow\" href=\"\/wp-content\/uploads\/2023\/03\/Rapport-Activite-CARIGEST-SA-2021-2022-vDEFbis-Web.pdf\" target=\"_blank\" rel=\"nofollow\" http=\"\">\n\t\t\t\t\t\t<span class=\"elementor-button-content-wrapper\">\n\t\t\t\t\t\t<span class=\"elementor-button-icon\">\n\t\t\t\t<i aria-hidden=\"true\" class=\"far fa-file-pdf\"><\/i>\t\t\t<\/span>\n\t\t\t\t\t\t\t\t\t<span class=\"elementor-button-text\">Herunterladen<\/span>\n\t\t\t\t\t<\/span>\n\t\t\t\t\t<\/a>\n\t\t\t\t<\/div>\n\t\t\t\t\t\t\t\t<\/div>\n\t\t\t\t<\/div>\n\t\t\t\t\t<\/div>\n\t\t<\/div>\n\t\t\t\t\t<\/div>\n\t\t<\/section>\n\t\t\t\t\t<\/div>\n\t\t<\/div>\n\t\t\t\t\t<\/div>\n\t\t<\/section>\n\t\t\t\t<\/div>\n\t\t","protected":false},"excerpt":{"rendered":"<p>T\u00c4TIGKEITSBERICHT Dieser Bericht stellt unsere Ma\u00dfnahmen und Ergebnisse der letzten zwei Jahre vor. Er unterstreicht unser Engagement f\u00fcr eine optimale Nutzung der uns von unseren Spendern anvertrauten Mittel durch eine rigorose Verwaltung und st\u00e4ndige \u00dcberwachung unserer Initiativen. T\u00c4TIGKEITSBERICHT 2021 &#8211; 2022 Vorwort Die 6 Schritte zum Management eines philanthropischen ProjektsFelder der Philanthropie Geografische Gebiete Dauer [&hellip;]<\/p>\n","protected":false},"author":6,"featured_media":0,"parent":0,"menu_order":0,"comment_status":"closed","ping_status":"closed","template":"qi-full-width.php","meta":{"inline_featured_image":false,"footnotes":""},"class_list":["post-13458","page","type-page","status-publish","hentry"],"yoast_head":"<!-- This site is optimized with the Yoast SEO plugin v24.6 - https:\/\/yoast.com\/wordpress\/plugins\/seo\/ -->\n<title>T\u00e4tigkeitsbericht - Carigest SA<\/title>\n<meta name=\"robots\" content=\"index, follow, max-snippet:-1, max-image-preview:large, max-video-preview:-1\" \/>\n<link rel=\"canonical\" href=\"https:\/\/carigest.ch\/de\/taetigkeitsbericht\/\" \/>\n<meta property=\"og:locale\" content=\"de_DE\" \/>\n<meta property=\"og:type\" content=\"article\" \/>\n<meta property=\"og:title\" content=\"T\u00e4tigkeitsbericht - Carigest SA\" \/>\n<meta property=\"og:description\" content=\"T\u00c4TIGKEITSBERICHT Dieser Bericht stellt unsere Ma\u00dfnahmen und Ergebnisse der letzten zwei Jahre vor. Er unterstreicht unser Engagement f\u00fcr eine optimale Nutzung der uns von unseren Spendern anvertrauten Mittel durch eine rigorose Verwaltung und st\u00e4ndige \u00dcberwachung unserer Initiativen. T\u00c4TIGKEITSBERICHT 2021 &#8211; 2022 Vorwort Die 6 Schritte zum Management eines philanthropischen ProjektsFelder der Philanthropie Geografische Gebiete Dauer [&hellip;]\" \/>\n<meta property=\"og:url\" content=\"https:\/\/carigest.ch\/de\/taetigkeitsbericht\/\" \/>\n<meta property=\"og:site_name\" content=\"Carigest SA\" \/>\n<meta property=\"article:modified_time\" content=\"2024-08-29T13:55:57+00:00\" \/>\n<meta property=\"og:image\" content=\"https:\/\/bfqhbmyrq.preview.infomaniak.website\/wp-content\/uploads\/2023\/03\/Rapport-Activite-CARIGEST-SA-2021-2022-vDEFbis-Web-01.jpg\" \/>\n<meta name=\"twitter:card\" content=\"summary_large_image\" \/>\n<script type=\"application\/ld+json\" class=\"yoast-schema-graph\">{\"@context\":\"https:\/\/schema.org\",\"@graph\":[{\"@type\":\"WebPage\",\"@id\":\"https:\/\/carigest.ch\/de\/taetigkeitsbericht\/\",\"url\":\"https:\/\/carigest.ch\/de\/taetigkeitsbericht\/\",\"name\":\"T\u00e4tigkeitsbericht - Carigest SA\",\"isPartOf\":{\"@id\":\"https:\/\/carigest.ch\/de\/#website\"},\"primaryImageOfPage\":{\"@id\":\"https:\/\/carigest.ch\/de\/taetigkeitsbericht\/#primaryimage\"},\"image\":{\"@id\":\"https:\/\/carigest.ch\/de\/taetigkeitsbericht\/#primaryimage\"},\"thumbnailUrl\":\"https:\/\/bfqhbmyrq.preview.infomaniak.website\/wp-content\/uploads\/2023\/03\/Rapport-Activite-CARIGEST-SA-2021-2022-vDEFbis-Web-01.jpg\",\"datePublished\":\"2024-08-29T13:40:08+00:00\",\"dateModified\":\"2024-08-29T13:55:57+00:00\",\"breadcrumb\":{\"@id\":\"https:\/\/carigest.ch\/de\/taetigkeitsbericht\/#breadcrumb\"},\"inLanguage\":\"de\",\"potentialAction\":[{\"@type\":\"ReadAction\",\"target\":[\"https:\/\/carigest.ch\/de\/taetigkeitsbericht\/\"]}]},{\"@type\":\"ImageObject\",\"inLanguage\":\"de\",\"@id\":\"https:\/\/carigest.ch\/de\/taetigkeitsbericht\/#primaryimage\",\"url\":\"https:\/\/bfqhbmyrq.preview.infomaniak.website\/wp-content\/uploads\/2023\/03\/Rapport-Activite-CARIGEST-SA-2021-2022-vDEFbis-Web-01.jpg\",\"contentUrl\":\"https:\/\/bfqhbmyrq.preview.infomaniak.website\/wp-content\/uploads\/2023\/03\/Rapport-Activite-CARIGEST-SA-2021-2022-vDEFbis-Web-01.jpg\"},{\"@type\":\"BreadcrumbList\",\"@id\":\"https:\/\/carigest.ch\/de\/taetigkeitsbericht\/#breadcrumb\",\"itemListElement\":[{\"@type\":\"ListItem\",\"position\":1,\"name\":\"Home\",\"item\":\"https:\/\/carigest.ch\/de\/startseite\/\"},{\"@type\":\"ListItem\",\"position\":2,\"name\":\"T\u00e4tigkeitsbericht\"}]},{\"@type\":\"WebSite\",\"@id\":\"https:\/\/carigest.ch\/de\/#website\",\"url\":\"https:\/\/carigest.ch\/de\/\",\"name\":\"Carigest SA\",\"description\":\"Beratung, Verwaltung, Begleitung\",\"publisher\":{\"@id\":\"https:\/\/carigest.ch\/de\/#organization\"},\"potentialAction\":[{\"@type\":\"SearchAction\",\"target\":{\"@type\":\"EntryPoint\",\"urlTemplate\":\"https:\/\/carigest.ch\/de\/?s={search_term_string}\"},\"query-input\":{\"@type\":\"PropertyValueSpecification\",\"valueRequired\":true,\"valueName\":\"search_term_string\"}}],\"inLanguage\":\"de\"},{\"@type\":\"Organization\",\"@id\":\"https:\/\/carigest.ch\/de\/#organization\",\"name\":\"Carigest SA\",\"url\":\"https:\/\/carigest.ch\/de\/\",\"logo\":{\"@type\":\"ImageObject\",\"inLanguage\":\"de\",\"@id\":\"https:\/\/carigest.ch\/de\/#\/schema\/logo\/image\/\",\"url\":\"\",\"contentUrl\":\"\",\"caption\":\"Carigest SA\"},\"image\":{\"@id\":\"https:\/\/carigest.ch\/de\/#\/schema\/logo\/image\/\"},\"sameAs\":[\"https:\/\/www.linkedin.com\/company\/carigest-sa\/\"]}]}<\/script>\n<!-- \/ Yoast SEO plugin. -->","yoast_head_json":{"title":"T\u00e4tigkeitsbericht - Carigest SA","robots":{"index":"index","follow":"follow","max-snippet":"max-snippet:-1","max-image-preview":"max-image-preview:large","max-video-preview":"max-video-preview:-1"},"canonical":"https:\/\/carigest.ch\/de\/taetigkeitsbericht\/","og_locale":"de_DE","og_type":"article","og_title":"T\u00e4tigkeitsbericht - Carigest SA","og_description":"T\u00c4TIGKEITSBERICHT Dieser Bericht stellt unsere Ma\u00dfnahmen und Ergebnisse der letzten zwei Jahre vor. Er unterstreicht unser Engagement f\u00fcr eine optimale Nutzung der uns von unseren Spendern anvertrauten Mittel durch eine rigorose Verwaltung und st\u00e4ndige \u00dcberwachung unserer Initiativen. T\u00c4TIGKEITSBERICHT 2021 &#8211; 2022 Vorwort Die 6 Schritte zum Management eines philanthropischen ProjektsFelder der Philanthropie Geografische Gebiete Dauer [&hellip;]","og_url":"https:\/\/carigest.ch\/de\/taetigkeitsbericht\/","og_site_name":"Carigest SA","article_modified_time":"2024-08-29T13:55:57+00:00","og_image":[{"url":"https:\/\/bfqhbmyrq.preview.infomaniak.website\/wp-content\/uploads\/2023\/03\/Rapport-Activite-CARIGEST-SA-2021-2022-vDEFbis-Web-01.jpg","type":"","width":"","height":""}],"twitter_card":"summary_large_image","schema":{"@context":"https:\/\/schema.org","@graph":[{"@type":"WebPage","@id":"https:\/\/carigest.ch\/de\/taetigkeitsbericht\/","url":"https:\/\/carigest.ch\/de\/taetigkeitsbericht\/","name":"T\u00e4tigkeitsbericht - Carigest SA","isPartOf":{"@id":"https:\/\/carigest.ch\/de\/#website"},"primaryImageOfPage":{"@id":"https:\/\/carigest.ch\/de\/taetigkeitsbericht\/#primaryimage"},"image":{"@id":"https:\/\/carigest.ch\/de\/taetigkeitsbericht\/#primaryimage"},"thumbnailUrl":"https:\/\/bfqhbmyrq.preview.infomaniak.website\/wp-content\/uploads\/2023\/03\/Rapport-Activite-CARIGEST-SA-2021-2022-vDEFbis-Web-01.jpg","datePublished":"2024-08-29T13:40:08+00:00","dateModified":"2024-08-29T13:55:57+00:00","breadcrumb":{"@id":"https:\/\/carigest.ch\/de\/taetigkeitsbericht\/#breadcrumb"},"inLanguage":"de","potentialAction":[{"@type":"ReadAction","target":["https:\/\/carigest.ch\/de\/taetigkeitsbericht\/"]}]},{"@type":"ImageObject","inLanguage":"de","@id":"https:\/\/carigest.ch\/de\/taetigkeitsbericht\/#primaryimage","url":"https:\/\/bfqhbmyrq.preview.infomaniak.website\/wp-content\/uploads\/2023\/03\/Rapport-Activite-CARIGEST-SA-2021-2022-vDEFbis-Web-01.jpg","contentUrl":"https:\/\/bfqhbmyrq.preview.infomaniak.website\/wp-content\/uploads\/2023\/03\/Rapport-Activite-CARIGEST-SA-2021-2022-vDEFbis-Web-01.jpg"},{"@type":"BreadcrumbList","@id":"https:\/\/carigest.ch\/de\/taetigkeitsbericht\/#breadcrumb","itemListElement":[{"@type":"ListItem","position":1,"name":"Home","item":"https:\/\/carigest.ch\/de\/startseite\/"},{"@type":"ListItem","position":2,"name":"T\u00e4tigkeitsbericht"}]},{"@type":"WebSite","@id":"https:\/\/carigest.ch\/de\/#website","url":"https:\/\/carigest.ch\/de\/","name":"Carigest SA","description":"Beratung, Verwaltung, Begleitung","publisher":{"@id":"https:\/\/carigest.ch\/de\/#organization"},"potentialAction":[{"@type":"SearchAction","target":{"@type":"EntryPoint","urlTemplate":"https:\/\/carigest.ch\/de\/?s={search_term_string}"},"query-input":{"@type":"PropertyValueSpecification","valueRequired":true,"valueName":"search_term_string"}}],"inLanguage":"de"},{"@type":"Organization","@id":"https:\/\/carigest.ch\/de\/#organization","name":"Carigest SA","url":"https:\/\/carigest.ch\/de\/","logo":{"@type":"ImageObject","inLanguage":"de","@id":"https:\/\/carigest.ch\/de\/#\/schema\/logo\/image\/","url":"","contentUrl":"","caption":"Carigest SA"},"image":{"@id":"https:\/\/carigest.ch\/de\/#\/schema\/logo\/image\/"},"sameAs":["https:\/\/www.linkedin.com\/company\/carigest-sa\/"]}]}},"_links":{"self":[{"href":"https:\/\/carigest.ch\/de\/wp-json\/wp\/v2\/pages\/13458","targetHints":{"allow":["GET"]}}],"collection":[{"href":"https:\/\/carigest.ch\/de\/wp-json\/wp\/v2\/pages"}],"about":[{"href":"https:\/\/carigest.ch\/de\/wp-json\/wp\/v2\/types\/page"}],"author":[{"embeddable":true,"href":"https:\/\/carigest.ch\/de\/wp-json\/wp\/v2\/users\/6"}],"replies":[{"embeddable":true,"href":"https:\/\/carigest.ch\/de\/wp-json\/wp\/v2\/comments?post=13458"}],"version-history":[{"count":2,"href":"https:\/\/carigest.ch\/de\/wp-json\/wp\/v2\/pages\/13458\/revisions"}],"predecessor-version":[{"id":13461,"href":"https:\/\/carigest.ch\/de\/wp-json\/wp\/v2\/pages\/13458\/revisions\/13461"}],"wp:attachment":[{"href":"https:\/\/carigest.ch\/de\/wp-json\/wp\/v2\/media?parent=13458"}],"curies":[{"name":"wp","href":"https:\/\/api.w.org\/{rel}","templated":true}]}}